{"id":3248,"date":"2020-11-05T14:14:50","date_gmt":"2020-11-05T13:14:50","guid":{"rendered":"https:\/\/www.cj-optik.de\/?page_id=3248"},"modified":"2026-03-10T14:53:03","modified_gmt":"2026-03-10T13:53:03","slug":"karriere","status":"publish","type":"page","link":"https:\/\/www.cj-optik.de\/en\/karriere\/","title":{"rendered":"Jobs"},"content":{"rendered":"<div class=\"wpb-content-wrapper\"><p>[vc_row][vc_column][vc_column_text][\/vc_column_text][\/vc_column][\/vc_row][vc_row][vc_column][vc_single_image image=&#8221;3302&#8243; img_size=&#8221;642&#215;322&#8243;][\/vc_column][\/vc_row][vc_row][vc_column][\/vc_column][\/vc_row][vc_row disable_element=&#8221;yes&#8221;][vc_column width=&#8221;2\/3&#8243;][vc_column_text]<strong>Die CJ-Optik GmbH &amp; Co. KG ist ein weltweit agierendes Unternehmen, welches sich auf die Produktion sowie den Vertrieb von Diagnose- und Operationsmikroskopen f\u00fcr die Zahnmedizin spezialisiert hat. Wir sind ein sehr stark wachsendes und innovatives Unternehmen und suchen Sie ab sofort als:<\/strong><\/p>\n<p>&nbsp;<\/p>\n<h2>Mitarbeiter im Bereich Verpackung (m\/w\/d) \/<\/h2>\n<h2>Verpackungshelfer (m\/w\/d)<\/h2>\n<p>&nbsp;<\/p>\n<p><strong>Ihre Aufgaben<\/strong><\/p>\n<ul>\n<li>Sie verpacken f\u00fcr unsere Kunden unsere Mikroskope manuell nach Produktionsplan und Packschema<\/li>\n<li>Sie f\u00fchren eine visuelle Kontrolle der Produkte auf Produktionsm\u00e4ngel durch und melden offensichtlich nicht einwandfreie Ware<\/li>\n<li>Kleinere Zusatzaufgaben<\/li>\n<\/ul>\n<p>&nbsp;<\/p>\n<p><strong>Ihr Profil<\/strong><\/p>\n<ul>\n<li>Es ist keine spezifische Ausbildung erforderlich<\/li>\n<li>Sie arbeiten zuverl\u00e4ssig, sorgf\u00e4ltig und eigenst\u00e4ndig<\/li>\n<li>Sie sind k\u00f6rperlich belastbar<\/li>\n<li>Sie besitzen Teamgeist<\/li>\n<\/ul>\n<p>&nbsp;<\/p>\n<p><strong>Wir bieten Ihnen<\/strong><\/p>\n<ul>\n<li>Eine individuelle Einarbeitung<\/li>\n<li>Einen sozialversicherungspflichtigen Arbeitsplatz in Vollzeit<\/li>\n<li>Eine attraktive Verg\u00fctung<\/li>\n<li>Ein famili\u00e4res und angenehmes Arbeitsklima<\/li>\n<li>Eine betriebliche Altersversorgung<\/li>\n<\/ul>\n<p>&nbsp;<\/p>\n<p><strong>Sie erkennen sich im Anforderungsprofil wieder?<\/strong> Dann freuen wir uns \u00fcber Ihre Bewerbung mit Angabe Ihres fr\u00fchestm\u00f6glichen Eintrittstermins sowie Ihrer Gehaltsvorstellung. Ihre Bewerbung senden Sie bitte an unsere Personalabteilung &#8211; vorzugsweise per E-Mail &#8211; an <a href=\"&#x6d;a&#x69;&#108;t&#x6f;&#58;&#x70;&#x65;r&#x73;&#111;n&#x61;&#108;&#x40;&#99;j&#x2d;&#111;p&#x74;&#105;&#x6b;&#46;d&#x65;\">&#x70;e&#x72;&#115;o&#x6e;&#97;&#x6c;&#64;c&#x6a;&#45;&#x6f;&#112;t&#x69;&#107;&#x2e;&#x64;e<\/a> oder per Post an:<\/p>\n<p>CJ-Optik GmbH &amp; Co. KG<br \/>\nPersonalabteilung<br \/>\nWilleckstr. 1<br \/>\n35614 A\u00dflar[\/vc_column_text][\/vc_column][vc_column width=&#8221;1\/3&#8243;][\/vc_column][\/vc_row][vc_row disable_element=&#8221;yes&#8221;][vc_column width=&#8221;2\/3&#8243;][vc_separator][vc_column_text]<strong>Die CJ-Optik GmbH &amp; Co. KG ist ein weltweit agierendes Unternehmen, welches sich auf die Produktion sowie den Vertrieb von Diagnose- und Operationsmikroskopen f\u00fcr die Zahnmedizin spezialisiert hat. Wir sind ein sehr stark wachsendes und innovatives Unternehmen und suchen Sie ab sofort als:<\/strong><\/p>\n<h2><strong>Studentische Aushilfe\u00a0<\/strong><strong>(m\/w\/d)\u00a0<\/strong><strong>auf 450 Euro Basis\u00a0<\/strong><\/h2>\n<p>&nbsp;<\/p>\n<p><strong>Ihre Aufgaben<\/strong><\/p>\n<ul>\n<li>Verschiedene B\u00fcro- und Lagert\u00e4tigkeiten mit flexiblen Arbeitszeiten<\/li>\n<\/ul>\n<p>&nbsp;<\/p>\n<p><strong>Ihr Profil<\/strong><\/p>\n<ul>\n<li>Sie sind mindestens 18 Jahre alt und sind zeitlich flexibel einsetzbar<\/li>\n<li>Sie arbeiten gerne im Team und arbeiten sich schnell in Prozesse ein<\/li>\n<li>Sie arbeiten zuverl\u00e4ssig und eigenst\u00e4ndig<\/li>\n<\/ul>\n<p>&nbsp;<\/p>\n<p><strong>Wir bieten Ihnen<\/strong><\/p>\n<ul>\n<li>Ein famili\u00e4res und angenehmes Arbeitsklima<\/li>\n<\/ul>\n<p>&nbsp;<\/p>\n<p><strong>Sie erkennen sich im Anforderungsprofil wieder?<\/strong> Dann freuen wir uns \u00fcber Ihre Bewerbung mit Angabe Ihres fr\u00fchestm\u00f6glichen Eintrittstermins. Ihre Bewerbung senden Sie bitte an unsere Personalabteilung &#8211; vorzugsweise per E-Mail &#8211; an <a href=\"&#x6d;&#x61;&#105;lt&#x6f;&#x3a;&#112;&#101;r&#x73;&#x6f;&#110;&#97;l&#x40;&#x63;&#x6a;&#45;op&#x74;&#x69;&#107;&#46;d&#x65;\">&#112;&#x65;r&#115;&#x6f;n&#x61;&#x6c;&#64;&#x63;j&#45;&#x6f;p&#116;&#x69;&#107;&#x2e;d&#101;<\/a> oder per Post an:<\/p>\n<p>CJ-Optik GmbH &amp; Co. KG<br \/>\nPersonalabteilung<br \/>\nWilleckstr. 1<br \/>\n35614 A\u00dflar[\/vc_column_text][\/vc_column][vc_column width=&#8221;1\/3&#8243;][\/vc_column][\/vc_row][vc_row disable_element=&#8221;yes&#8221;][vc_column width=&#8221;2\/3&#8243;][vc_separator][vc_column_text]<strong>Die CJ-Optik GmbH &amp; Co. KG ist ein weltweit agierendes Unternehmen, welches sich auf die Produktion sowie den Vertrieb von Diagnose- und Operationsmikroskopen f\u00fcr die Zahnmedizin spezialisiert hat. Wir sind ein sehr stark wachsendes und innovatives Unternehmen und suchen ab sofort zur Verst\u00e4rkung unseres Teams einen<\/strong><\/p>\n<h2><strong>Mitarbeiter (m\/w\/d) f\u00fcr Einkauf und Vertrieb (Innendienst)<\/strong><\/h2>\n<p><strong>(Vollzeit oder Teilzeit)<\/strong><\/p>\n<p>&nbsp;<\/p>\n<p><strong>Ihre Aufgaben<\/strong><\/p>\n<ul>\n<li>Auftragserfassung und Betreuung von Kundenauftr\u00e4gen<\/li>\n<li>Erteilung von Auftr\u00e4gen an die Lieferfirmen<\/li>\n<li>Abwicklung von Serviceleistungen<\/li>\n<li>Selbstst\u00e4ndige Organisation der Arbeitsabl\u00e4ufe<\/li>\n<li>Unterst\u00fctzung und Vertretung von Teamkollegen<\/li>\n<\/ul>\n<p>&nbsp;<\/p>\n<p><strong>Ihr Profil<\/strong><\/p>\n<ul>\n<li>Abgeschlossene kaufm\u00e4nnische oder technische Berufsausbildung, z.B. als kaufm\u00e4nnischer Sachbearbeiter, Industriekaufmann, Gro\u00df- und Au\u00dfenhandelskaufmann, Kaufmann f\u00fcr B\u00fcromanagement (m\/w\/d)<\/li>\n<li>Kenntnisse in MS-Office und dem Umgang mit Warenwirtschaftssystemen<\/li>\n<li>Englischkenntnisse w\u00fcnschenswert<\/li>\n<li>Kommunikationsst\u00e4rke, Teamgeist, h\u00f6fliche Umgangsformen und Organisationstalent<\/li>\n<li>Selbstst\u00e4ndige Arbeitsweise und schnelle Auffassungsgabe<\/li>\n<li>Einsatzbereitschaft, Belastbarkeit und Flexibilit\u00e4t<\/li>\n<\/ul>\n<p>&nbsp;<\/p>\n<p><strong>Wir bieten Ihnen<\/strong><\/p>\n<ul>\n<li>Einen sozialversicherungspflichtigen Arbeitsplatz in Vollzeit<\/li>\n<li>Eine attraktive Verg\u00fctung<\/li>\n<li>Ein famili\u00e4res und angenehmes Arbeitsklima<\/li>\n<li>Individuelle Weiterbildungsm\u00f6glichkeiten<\/li>\n<li>Eine betriebliche Altersversorgung<\/li>\n<\/ul>\n<p>&nbsp;<\/p>\n<p><strong>Sie erkennen sich im Anforderungsprofil wieder?<\/strong> Dann freuen wir uns \u00fcber Ihre Bewerbung mit Angabe Ihres fr\u00fchestm\u00f6glichen Eintrittstermins sowie Ihrer Gehaltsvorstellung. Ihre Bewerbung senden Sie bitte an unsere Personalabteilung &#8211; vorzugsweise per E-Mail &#8211; an <a href=\"&#x6d;&#97;&#105;&#x6c;&#x74;&#111;&#58;&#x70;&#x65;&#114;&#115;&#x6f;&#x6e;&#97;&#108;&#x40;&#x63;&#106;&#45;&#x6f;&#x70;&#116;&#105;&#x6b;&#x2e;&#100;&#101;\">&#x70;&#101;&#x72;&#115;o&#x6e;&#97;l&#x40;&#99;&#x6a;&#x2d;o&#x70;&#116;i&#x6b;&#46;&#x64;&#x65;<\/a> oder per Post an:<\/p>\n<p>CJ-Optik GmbH &amp; Co. KG<br \/>\nPersonalabteilung<br \/>\nWilleckstr. 1<br \/>\n35614 A\u00dflar[\/vc_column_text][\/vc_column][vc_column width=&#8221;1\/3&#8243;][\/vc_column][\/vc_row][vc_row disable_element=&#8221;yes&#8221;][vc_column width=&#8221;2\/3&#8243;][vc_column_text]<\/p>\n<h2><strong>Mitarbeiter Qualit\u00e4tsmanagement\u00a0(m\/w\/d)<\/strong><\/h2>\n<p>&nbsp;<\/p>\n<p><strong>Ihre Aufgaben<\/strong><\/p>\n<ul>\n<li>Umsetzung von QM-Aufgaben, Erstellung und Pflege der Dokumentation<\/li>\n<li>Sie \u00fcbernehmen den Ausbau des Kennzahlensystems sowie die Steuerung der kontinuierlichen Verbesserung der Organisation<\/li>\n<li>Sie arbeiten eng mit der Gesch\u00e4ftsleitung sowie den Abteilungen Produktion, Konstruktion und Einkauf zusammen und stellen dadurch einen reibungslosen Produktionsablauf sicher<\/li>\n<li>Sie verantworten die Auswertung der internen System- und Prozessaudits ISO 13485<\/li>\n<li>Durchf\u00fchrung von Wareneingangs- und Fertigungspr\u00fcfungen<\/li>\n<\/ul>\n<p>&nbsp;<\/p>\n<p><strong>Ihr Profil<\/strong><\/p>\n<ul>\n<li>Sie sind Meister, staatlich gepr\u00fcfter Techniker oder haben ein erfolgreich abgeschlossenes Studium des Ingenieurwesens<\/li>\n<li>Sie bringen mehrj\u00e4hrige Berufserfahrung im Qualit\u00e4tsmanagement und der Qualit\u00e4tssicherung mit<\/li>\n<li>Sie haben Kenntnisse in ISO 9001:2015, ISO13485:2016<\/li>\n<li>Sie verf\u00fcgen \u00fcber gute Deutsch- und Englischkenntnisse f\u00fcr den Austausch mit unseren internationalen Partnern<\/li>\n<li>Sie zeichnen sich durch ausgepr\u00e4gtes Qualit\u00e4tsbewusstsein sowie Zuverl\u00e4ssigkeit aus<\/li>\n<\/ul>\n<p>&nbsp;<\/p>\n<p><strong>Wir bieten Ihnen<\/strong><\/p>\n<ul>\n<li>Eine anspruchsvolle, vielseitige und verantwortungsvolle Aufgabe<\/li>\n<li>Einen sicheren Arbeitsplatz in einem wachstumsstarken Unternehmen<\/li>\n<li>Ein famili\u00e4res Betriebsklima in einem Unternehmen mit kurzen Entscheidungswegen<\/li>\n<li>Moderne B\u00fcror\u00e4ume und Ausstattung des Arbeitsplatzes<\/li>\n<li>Individuelle Weiterbildungsm\u00f6glichkeiten<\/li>\n<li>Eine betriebliche Altersvorsorge<\/li>\n<\/ul>\n<p>&nbsp;<\/p>\n<p><strong>Sie erkennen sich im Anforderungsprofil wieder?<\/strong> Dann freuen wir uns \u00fcber Ihre Bewerbung mit Angabe Ihres fr\u00fchestm\u00f6glichen Eintrittstermins sowie Ihrer Gehaltsvorstellung. Ihre Bewerbung senden Sie bitte z. Hd. Herrn Carsten Jung vorzugsweise per E-Mail an\u00a0<a href=\"&#x6d;&#97;&#x69;&#x6c;t&#x6f;&#58;p&#x65;&#114;s&#x6f;&#110;&#x61;&#x6c;&#64;&#x63;&#106;-&#x6f;&#112;t&#x69;&#107;&#x2e;&#x64;&#101;\">&#x70;&#x65;&#114;&#115;o&#x6e;&#x61;&#x6c;&#64;cj&#x2d;&#x6f;&#112;&#116;i&#x6b;&#x2e;&#x64;&#101;<\/a>\u00a0oder per Post:<\/p>\n<p>CJ-Optik GmbH &amp; Co. KG<br \/>\nPersonalabteilung<br \/>\nWilleckstr. 1<br \/>\n35614 A\u00dflar[\/vc_column_text][\/vc_column][vc_column width=&#8221;1\/3&#8243;][\/vc_column][\/vc_row][vc_row disable_element=&#8221;yes&#8221;][vc_column width=&#8221;2\/3&#8243;][vc_separator][vc_column_text]<strong>Die CJ-Optik GmbH &amp; Co. KG ist ein weltweit agierendes Unternehmen, welches sich auf die Produktion sowie den Vertrieb von Diagnose- und Operationsmikroskopen f\u00fcr die Zahnmedizin spezialisiert hat. Wir sind ein sehr stark wachsendes und innovatives Unternehmen und suchen Sie als:<\/strong><\/p>\n<p><strong>\u00a0<\/strong><\/p>\n<h2><strong>Fachlagerist (m\/w\/d)<\/strong><\/h2>\n<p>&nbsp;<\/p>\n<p><strong>Ihre Aufgaben<\/strong><\/p>\n<ul>\n<li>Sie sind verantwortlich f\u00fcr die Warenannahme sowie die Eingangskontrolle<\/li>\n<li>Sie buchen die Warenbewegungen in unserem ERP-Warenwirtschaftssystem<\/li>\n<li>Sie sind verantwortlich f\u00fcr die Steuerung und \u00dcberwachung der Produktionsauftr\u00e4ge mit Hilfe des ERP-Warenwirtschaftssystems<\/li>\n<li>Sie kommissionieren Produktionsauftr\u00e4ge und sind f\u00fcr die Verpackung der Kundenauftr\u00e4ge zust\u00e4ndig<\/li>\n<\/ul>\n<p>&nbsp;<\/p>\n<p><strong>Ihr Profil<\/strong><\/p>\n<ul>\n<li>Sie verf\u00fcgen \u00fcber eine abgeschlossene Ausbildung zum Fachlageristen\/in oder mehrj\u00e4hrige Berufserfahrung in der Lagerlogistik<\/li>\n<li>Sie haben bereits eingehende Erfahrungen mit einem ERP-Warenwirtschaftssystem sammeln k\u00f6nnen<\/li>\n<li>Sie sind vertraut im Umgang mit MS-Office Produkten<\/li>\n<li>Sie verf\u00fcgen \u00fcber Teamgeist und arbeiten selbstst\u00e4ndig und eigenverantwortlich<\/li>\n<\/ul>\n<p>&nbsp;<\/p>\n<p><strong>Wir bieten Ihnen<\/strong><\/p>\n<ul>\n<li>Einen sozialversicherungspflichtigen Arbeitsplatz in Vollzeit<\/li>\n<li>Eine attraktive Verg\u00fctung<\/li>\n<li>Ein famili\u00e4res und angenehmes Arbeitsklima<\/li>\n<li>Individuelle Weiterbildungsm\u00f6glichkeiten<\/li>\n<li>Eine betriebliche Altersversorgung<\/li>\n<\/ul>\n<p>&nbsp;<\/p>\n<p><strong>Sie erkennen sich im Anforderungsprofil wieder?<\/strong> Dann freuen wir uns \u00fcber Ihre Bewerbung mit Angabe Ihres fr\u00fchestm\u00f6glichen Eintrittstermins sowie Ihrer Gehaltsvorstellung. Ihre Bewerbung senden Sie bitte an unsere Personalabteilung &#8211; vorzugsweise per E-Mail &#8211; an <a href=\"&#109;a&#x69;l&#x74;o&#x3a;p&#x65;&#114;&#x73;&#111;&#x6e;&#97;&#x6c;&#64;c&#106;-&#x6f;p&#x74;i&#x6b;&#46;&#x64;&#101;\">p&#101;&#114;&#x73;&#x6f;&#x6e;a&#108;&#64;&#x63;&#x6a;&#x2d;op&#116;&#x69;&#x6b;&#x2e;de<\/a> oder per Post an:<\/p>\n<p>CJ-Optik GmbH &amp; Co. KG<br \/>\nPersonalabteilung<br \/>\nWilleckstr. 1<br \/>\n35614 A\u00dflar[\/vc_column_text][vc_separator][\/vc_column][vc_column width=&#8221;1\/3&#8243;][\/vc_column][\/vc_row]<\/p>\n<\/div>","protected":false},"excerpt":{"rendered":"<p>[vc_row][vc_column][vc_column_text][\/vc_column_text][\/vc_column][\/vc_row][vc_row][vc_column][vc_single_image image=&#8221;3302&#8243; img_size=&#8221;642&#215;322&#8243;][\/vc_column][\/vc_row][vc_row][vc_column][\/vc_column][\/vc_row][vc_row disable_element=&#8221;yes&#8221;][vc_column width=&#8221;2\/3&#8243;][vc_column_text]Die CJ-Optik GmbH &amp; Co. KG ist ein weltweit agierendes Unternehmen, welches sich auf die Produktion sowie den Vertrieb von Diagnose- und Operationsmikroskopen f\u00fcr die Zahnmedizin spezialisiert hat. Wir sind ein sehr stark wachsendes und innovatives Unternehmen und suchen Sie ab sofort als: &nbsp; Mitarbeiter im Bereich Verpackung (m\/w\/d) \/ Verpackungshelfer [&hellip;]<\/p>\n","protected":false},"author":1,"featured_media":3259,"parent":0,"menu_order":0,"comment_status":"closed","ping_status":"closed","template":"","meta":{"_acf_changed":false,"footnotes":""},"class_list":["post-3248","page","type-page","status-publish","has-post-thumbnail","hentry"],"acf":[],"wps_subtitle":"","_links":{"self":[{"href":"https:\/\/www.cj-optik.de\/en\/wp-json\/wp\/v2\/pages\/3248","targetHints":{"allow":["GET"]}}],"collection":[{"href":"https:\/\/www.cj-optik.de\/en\/wp-json\/wp\/v2\/pages"}],"about":[{"href":"https:\/\/www.cj-optik.de\/en\/wp-json\/wp\/v2\/types\/page"}],"author":[{"embeddable":true,"href":"https:\/\/www.cj-optik.de\/en\/wp-json\/wp\/v2\/users\/1"}],"replies":[{"embeddable":true,"href":"https:\/\/www.cj-optik.de\/en\/wp-json\/wp\/v2\/comments?post=3248"}],"version-history":[{"count":12,"href":"https:\/\/www.cj-optik.de\/en\/wp-json\/wp\/v2\/pages\/3248\/revisions"}],"predecessor-version":[{"id":9392,"href":"https:\/\/www.cj-optik.de\/en\/wp-json\/wp\/v2\/pages\/3248\/revisions\/9392"}],"wp:featuredmedia":[{"embeddable":true,"href":"https:\/\/www.cj-optik.de\/en\/wp-json\/wp\/v2\/media\/3259"}],"wp:attachment":[{"href":"https:\/\/www.cj-optik.de\/en\/wp-json\/wp\/v2\/media?parent=3248"}],"curies":[{"name":"wp","href":"https:\/\/api.w.org\/{rel}","templated":true}]}}